{"id":13554,"date":"2024-10-15T16:14:17","date_gmt":"2024-10-15T16:14:17","guid":{"rendered":"https:\/\/bt-staging.flywheelsites.com\/hogar\/"},"modified":"2024-12-04T18:07:43","modified_gmt":"2024-12-04T18:07:43","slug":"hogar","status":"publish","type":"page","link":"https:\/\/staging.ballettech.org\/es\/","title":{"rendered":"Hogar"},"content":{"rendered":"","protected":false},"excerpt":{"rendered":"","protected":false},"author":1,"featured_media":0,"parent":0,"menu_order":0,"comment_status":"closed","ping_status":"closed","template":"","meta":{"_acf_changed":false,"footnotes":""},"class_list":["post-13554","page","type-page","status-publish","hentry"],"acf":[],"yoast_head":"<!-- This site is optimized with the Yoast SEO plugin v26.1.1 - https:\/\/yoast.com\/wordpress\/plugins\/seo\/ -->\n<title>Ballet Tech - La Escuela P\u00fablica de Danza de Nueva York<\/title>\n<meta name=\"description\" content=\"Un riguroso plan de estudios acad\u00e9mico con instrucci\u00f3n intensiva de danza cl\u00e1sica, \u00a1todo bajo un mismo techo!\" \/>\n<meta name=\"robots\" content=\"noindex, follow, max-snippet:-1, max-image-preview:large, max-video-preview:-1\" \/>\n<meta property=\"og:locale\" content=\"es_ES\" \/>\n<meta property=\"og:type\" content=\"article\" \/>\n<meta property=\"og:title\" content=\"Ballet Tech - La Escuela P\u00fablica de Danza de Nueva York\" \/>\n<meta property=\"og:description\" content=\"Un riguroso plan de estudios acad\u00e9mico con instrucci\u00f3n intensiva de danza cl\u00e1sica, \u00a1todo bajo un mismo techo!\" \/>\n<meta property=\"og:url\" content=\"https:\/\/staging.ballettech.org\/es\/hogar\/\" \/>\n<meta property=\"og:site_name\" content=\"Ballet Tech\" \/>\n<meta property=\"article:publisher\" content=\"https:\/\/www.facebook.com\/ballettech\/\" \/>\n<meta property=\"article:modified_time\" content=\"2024-12-04T18:07:43+00:00\" \/>\n<meta property=\"og:image\" content=\"http:\/\/staging.ballettech.org\/wp-content\/uploads\/2024\/07\/logo-BT-black-269x300.png\" \/>\n<meta name=\"twitter:card\" content=\"summary_large_image\" \/>\n<script type=\"application\/ld+json\" class=\"yoast-schema-graph\">{\"@context\":\"https:\/\/schema.org\",\"@graph\":[{\"@type\":\"WebPage\",\"@id\":\"https:\/\/staging.ballettech.org\/es\/hogar\/\",\"url\":\"https:\/\/staging.ballettech.org\/es\/hogar\/\",\"name\":\"Ballet Tech - La Escuela P\u00fablica de Danza de Nueva York\",\"isPartOf\":{\"@id\":\"https:\/\/staging.ballettech.org\/#website\"},\"datePublished\":\"2024-10-15T16:14:17+00:00\",\"dateModified\":\"2024-12-04T18:07:43+00:00\",\"description\":\"Un riguroso plan de estudios acad\u00e9mico con instrucci\u00f3n intensiva de danza cl\u00e1sica, \u00a1todo bajo un mismo techo!\",\"breadcrumb\":{\"@id\":\"https:\/\/staging.ballettech.org\/es\/hogar\/#breadcrumb\"},\"inLanguage\":\"es-ES\",\"potentialAction\":[{\"@type\":\"ReadAction\",\"target\":[\"https:\/\/staging.ballettech.org\/es\/hogar\/\"]}]},{\"@type\":\"BreadcrumbList\",\"@id\":\"https:\/\/staging.ballettech.org\/es\/hogar\/#breadcrumb\",\"itemListElement\":[{\"@type\":\"ListItem\",\"position\":1,\"name\":\"Home\",\"item\":\"https:\/\/staging.ballettech.org\/es\/hogar\/\"},{\"@type\":\"ListItem\",\"position\":2,\"name\":\"Hogar\"}]},{\"@type\":\"WebSite\",\"@id\":\"https:\/\/staging.ballettech.org\/#website\",\"url\":\"https:\/\/staging.ballettech.org\/\",\"name\":\"Ballet Tech - The NYC Public School for Dance\",\"description\":\"The NYC Public School for Dance\",\"publisher\":{\"@id\":\"https:\/\/staging.ballettech.org\/#organization\"},\"potentialAction\":[{\"@type\":\"SearchAction\",\"target\":{\"@type\":\"EntryPoint\",\"urlTemplate\":\"https:\/\/staging.ballettech.org\/?s={search_term_string}\"},\"query-input\":{\"@type\":\"PropertyValueSpecification\",\"valueRequired\":true,\"valueName\":\"search_term_string\"}}],\"inLanguage\":\"es-ES\"},{\"@type\":\"Organization\",\"@id\":\"https:\/\/staging.ballettech.org\/#organization\",\"name\":\"Ballet Tech School\",\"url\":\"https:\/\/staging.ballettech.org\/\",\"logo\":{\"@type\":\"ImageObject\",\"inLanguage\":\"es-ES\",\"@id\":\"https:\/\/staging.ballettech.org\/#\/schema\/logo\/image\/\",\"url\":\"https:\/\/staging.ballettech.org\/app\/uploads\/2024\/08\/logo-BT-full-1.png\",\"contentUrl\":\"https:\/\/staging.ballettech.org\/app\/uploads\/2024\/08\/logo-BT-full-1.png\",\"width\":376,\"height\":129,\"caption\":\"Ballet Tech School\"},\"image\":{\"@id\":\"https:\/\/staging.ballettech.org\/#\/schema\/logo\/image\/\"},\"sameAs\":[\"https:\/\/www.facebook.com\/ballettech\/\",\"https:\/\/www.youtube.com\/channel\/UCl7ro3fdsQ1MU3ZULekOpJQ\"]}]}<\/script>\n<!-- \/ Yoast SEO plugin. -->","yoast_head_json":{"title":"Ballet Tech - La Escuela P\u00fablica de Danza de Nueva York","description":"Un riguroso plan de estudios acad\u00e9mico con instrucci\u00f3n intensiva de danza cl\u00e1sica, \u00a1todo bajo un mismo techo!","robots":{"index":"noindex","follow":"follow","max-snippet":"max-snippet:-1","max-image-preview":"max-image-preview:large","max-video-preview":"max-video-preview:-1"},"og_locale":"es_ES","og_type":"article","og_title":"Ballet Tech - La Escuela P\u00fablica de Danza de Nueva York","og_description":"Un riguroso plan de estudios acad\u00e9mico con instrucci\u00f3n intensiva de danza cl\u00e1sica, \u00a1todo bajo un mismo techo!","og_url":"https:\/\/staging.ballettech.org\/es\/hogar\/","og_site_name":"Ballet Tech","article_publisher":"https:\/\/www.facebook.com\/ballettech\/","article_modified_time":"2024-12-04T18:07:43+00:00","og_image":[{"url":"http:\/\/staging.ballettech.org\/wp-content\/uploads\/2024\/07\/logo-BT-black-269x300.png","type":"","width":"","height":""}],"twitter_card":"summary_large_image","schema":{"@context":"https:\/\/schema.org","@graph":[{"@type":"WebPage","@id":"https:\/\/staging.ballettech.org\/es\/hogar\/","url":"https:\/\/staging.ballettech.org\/es\/hogar\/","name":"Ballet Tech - La Escuela P\u00fablica de Danza de Nueva York","isPartOf":{"@id":"https:\/\/staging.ballettech.org\/#website"},"datePublished":"2024-10-15T16:14:17+00:00","dateModified":"2024-12-04T18:07:43+00:00","description":"Un riguroso plan de estudios acad\u00e9mico con instrucci\u00f3n intensiva de danza cl\u00e1sica, \u00a1todo bajo un mismo techo!","breadcrumb":{"@id":"https:\/\/staging.ballettech.org\/es\/hogar\/#breadcrumb"},"inLanguage":"es-ES","potentialAction":[{"@type":"ReadAction","target":["https:\/\/staging.ballettech.org\/es\/hogar\/"]}]},{"@type":"BreadcrumbList","@id":"https:\/\/staging.ballettech.org\/es\/hogar\/#breadcrumb","itemListElement":[{"@type":"ListItem","position":1,"name":"Home","item":"https:\/\/staging.ballettech.org\/es\/hogar\/"},{"@type":"ListItem","position":2,"name":"Hogar"}]},{"@type":"WebSite","@id":"https:\/\/staging.ballettech.org\/#website","url":"https:\/\/staging.ballettech.org\/","name":"Ballet Tech - The NYC Public School for Dance","description":"The NYC Public School for Dance","publisher":{"@id":"https:\/\/staging.ballettech.org\/#organization"},"potentialAction":[{"@type":"SearchAction","target":{"@type":"EntryPoint","urlTemplate":"https:\/\/staging.ballettech.org\/?s={search_term_string}"},"query-input":{"@type":"PropertyValueSpecification","valueRequired":true,"valueName":"search_term_string"}}],"inLanguage":"es-ES"},{"@type":"Organization","@id":"https:\/\/staging.ballettech.org\/#organization","name":"Ballet Tech School","url":"https:\/\/staging.ballettech.org\/","logo":{"@type":"ImageObject","inLanguage":"es-ES","@id":"https:\/\/staging.ballettech.org\/#\/schema\/logo\/image\/","url":"https:\/\/staging.ballettech.org\/app\/uploads\/2024\/08\/logo-BT-full-1.png","contentUrl":"https:\/\/staging.ballettech.org\/app\/uploads\/2024\/08\/logo-BT-full-1.png","width":376,"height":129,"caption":"Ballet Tech School"},"image":{"@id":"https:\/\/staging.ballettech.org\/#\/schema\/logo\/image\/"},"sameAs":["https:\/\/www.facebook.com\/ballettech\/","https:\/\/www.youtube.com\/channel\/UCl7ro3fdsQ1MU3ZULekOpJQ"]}]}},"_links":{"self":[{"href":"https:\/\/staging.ballettech.org\/es\/wp-json\/wp\/v2\/pages\/13554","targetHints":{"allow":["GET"]}}],"collection":[{"href":"https:\/\/staging.ballettech.org\/es\/wp-json\/wp\/v2\/pages"}],"about":[{"href":"https:\/\/staging.ballettech.org\/es\/wp-json\/wp\/v2\/types\/page"}],"author":[{"embeddable":true,"href":"https:\/\/staging.ballettech.org\/es\/wp-json\/wp\/v2\/users\/1"}],"replies":[{"embeddable":true,"href":"https:\/\/staging.ballettech.org\/es\/wp-json\/wp\/v2\/comments?post=13554"}],"version-history":[{"count":1,"href":"https:\/\/staging.ballettech.org\/es\/wp-json\/wp\/v2\/pages\/13554\/revisions"}],"predecessor-version":[{"id":13556,"href":"https:\/\/staging.ballettech.org\/es\/wp-json\/wp\/v2\/pages\/13554\/revisions\/13556"}],"wp:attachment":[{"href":"https:\/\/staging.ballettech.org\/es\/wp-json\/wp\/v2\/media?parent=13554"}],"curies":[{"name":"wp","href":"https:\/\/api.w.org\/{rel}","templated":true}]}}